{"id":96,"date":"2025-03-12T00:44:55","date_gmt":"2025-03-12T06:44:55","guid":{"rendered":"https:\/\/paseometropoli.com\/webdev2025\/?page_id=96"},"modified":"2026-03-20T12:35:47","modified_gmt":"2026-03-20T18:35:47","slug":"informacion","status":"publish","type":"page","link":"https:\/\/paseometropoli.com\/web\/informacion\/","title":{"rendered":"informaci\u00f3n"},"content":{"rendered":"<div id=\"cs-content\" class=\"cs-content\"><div class=\"x-section e96-e1 m2o-0 m2o-1 m2o-2 m2o-3 m2o-4\"><div class=\"x-row x-container max width e96-e2 m2o-a m2o-b m2o-c m2o-d m2o-h m2o-i\"><div class=\"x-row-inner\"><div class=\"x-col e96-e3 m2o-n\"><div class=\"x-text x-content e96-e4 m2o-q m2o-r m2o-s m2o-t\">Bienvenido(a) a Paseo Metr\u00f3poli<\/div><div class=\"x-text x-text-headline e96-e5 m2o-12 m2o-13 m2o-14 m2o-15 m2o-16 m2o-17 m2o-18 m2o-19\"><div class=\"x-text-content\"><div class=\"x-text-content-text\"><h2 class=\"x-text-content-text-primary\">Horarios:<\/h2>\n<\/div><\/div><\/div><div class=\"x-text x-content e96-e6 m2o-q m2o-t m2o-u m2o-v m2o-w\"><p>\ud83d\udd5bLunes a Jueves de 12:00 M.D. a 9:00 P.M.<br \/>\n\ud83d\udd5bViernes y S\u00e1bados de 12:00 M.D. a 11:00 P.M.<br \/>\n\ud83d\udd5bDomingos - Feriados de 11 A.M. a 8:00 P.M.<\/p><\/div><\/div><\/div><\/div><\/div><div class=\"x-section e96-e7 m2o-0 m2o-3 m2o-4 m2o-5 m2o-6\"><div class=\"x-row e96-e8 m2o-a m2o-d m2o-e m2o-f m2o-h m2o-j\"><div class=\"x-row-inner\"><div class=\"x-col e96-e9 m2o-n m2o-o m2o-p\"><hr class=\"x-line e96-e10 m2o-1e m2o-1f\"\/><div class=\"x-text x-text-headline e96-e11 m2o-12 m2o-15 m2o-16 m2o-17 m2o-18 m2o-19 m2o-1a\"><div class=\"x-text-content\"><div class=\"x-text-content-text\"><h2 class=\"x-text-content-text-primary\">Sobre Paseo Metr\u00f3poli<\/h2>\n<\/div><\/div><\/div><div class=\"x-text x-content e96-e12 m2o-q m2o-u m2o-v m2o-w m2o-x m2o-y\"><p>En Paseo Metr\u00f3poli somos m\u00e1s que un centro comercial: somos un punto de encuentro para la comunidad de Cartago. Un lugar donde las compras, el entretenimiento y la gastronom\u00eda se combinan para crear experiencias que se disfrutan en familia, con amigos o en pareja.<\/p>\n<p>Contamos con una amplia variedad de tiendas, restaurantes y espacios de entretenimiento que ofrecen opciones para todos los gustos. Nuestro objetivo es brindar a cada visitante un ambiente moderno, seguro y lleno de actividades que hagan de cada visita algo especial.<\/p>\n<p>Adem\u00e1s de nuestra oferta comercial, en Paseo Metr\u00f3poli promovemos experiencias \u00fanicas a trav\u00e9s de eventos, activaciones y actividades durante todo el a\u00f1o, creando momentos que conectan a las personas con sus marcas favoritas.<\/p>\n<p>En Paseo Metr\u00f3poli trabajamos cada d\u00eda para seguir siendo el lugar donde Cartago se re\u00fane, disfruta y vive grandes momentos.<\/p><\/div><\/div><\/div><\/div><\/div><div class=\"x-section e96-e13 m2o-0 m2o-1 m2o-3 m2o-4 m2o-7 m2o-8\"><div class=\"x-row x-container max width e96-e14 m2o-a m2o-b m2o-f m2o-g m2o-h m2o-k\"><div class=\"x-row-inner\"><div class=\"x-col e96-e15 m2o-n\"><div class=\"x-text x-text-headline e96-e16 m2o-12 m2o-13 m2o-14 m2o-15 m2o-16 m2o-17 m2o-18 m2o-19\"><div class=\"x-text-content\"><div class=\"x-text-content-text\"><h2 class=\"x-text-content-text-primary\">Misi\u00f3n<\/h2>\n<\/div><\/div><\/div><div class=\"x-text x-content e96-e17 m2o-q m2o-u m2o-w m2o-y m2o-z\"><span>Paseo Metr\u00f3poli, se compromete a propiciar las condiciones \u00f3ptimas de un Centro Comercial, brindando la mejor experiencia y facilidades, excediendo la satisfacci\u00f3n ante las necesidades, deseos y expectativas de los clientes e inversionistas, velando por la sostenibilidad de la zona de influencia mediante la ejecuci\u00f3n de programas de responsabilidad social y ambiental.<\/span><\/div><\/div><div class=\"x-col e96-e18 m2o-n\"><div class=\"x-text x-text-headline e96-e19 m2o-12 m2o-13 m2o-14 m2o-15 m2o-16 m2o-17 m2o-18 m2o-19\"><div class=\"x-text-content\"><div class=\"x-text-content-text\"><h2 class=\"x-text-content-text-primary\">Visi\u00f3n<\/h2>\n<\/div><\/div><\/div><div class=\"x-text x-content e96-e20 m2o-q m2o-u m2o-w m2o-y m2o-z\"><span>Ser el Centro Comercial m\u00e1s reconocido de la zona de influencia, enfocado hacia la mejora continua, ofreciendo la mejor experiencia y espacio de compras para nuestros visitantes; brindando al mismo tiempo, la mejor opci\u00f3n a los locatarios para comercializar sus bienes y servicios.<\/span><\/div><\/div><div class=\"x-col e96-e21 m2o-n m2o-o\"><div class=\"x-text x-text-headline e96-e22 m2o-12 m2o-13 m2o-14 m2o-15 m2o-16 m2o-17 m2o-18 m2o-19\"><div class=\"x-text-content\"><div class=\"x-text-content-text\"><h2 class=\"x-text-content-text-primary\">Valores<\/h2>\n<\/div><\/div><\/div><hr class=\"x-line e96-e23 m2o-1f m2o-1g\"\/><div class=\"list-wrapper\">\n  <ul class=\"clean-custom-list\">\n    <li>Excelencia.<\/li>\n    <li>Compromiso.<\/li>\n    <li>Honestidad.<\/li>\n    <li>Responsabilidad.<\/li>\n    <li>Solidaridad.<\/li>\n  <\/ul>\n<\/div>\n\n<style>\n  .list-wrapper {\n    text-align: center;\n    width: 100%;\n    display: block;\n    margin-top: 0;\n    padding-top: 0;\n  }\n\n  .clean-custom-list {\n    display: inline-block;\n    text-align: left;\n    list-style: none;\n    padding: 0;\n    margin: 0;\n    font-size: 1.5em;\n    \/* Altura de l\u00ednea solicitada *\/\n    line-height: 1.3em; \n    color: #333;\n  }\n\n  .clean-custom-list li {\n    \/* Reducimos el margen entre \u00edtems para que se vea m\u00e1s compacto *\/\n    margin-bottom: 0.3em; \n    position: relative;\n    padding-left: 2em;\n    display: flex;\n    align-items: center;\n  }\n\n  \/* El Check Verde *\/\n  .clean-custom-list li::before {\n    content: '\\2713'; \n    position: absolute;\n    left: 0;\n    background-color: #27ae60; \n    color: white;\n    width: 1.1em;\n    height: 1.1em;\n    border-radius: 4px;\n    display: flex;\n    align-items: center;\n    justify-content: center;\n    font-size: 0.6em;\n    font-weight: bold;\n  }\n  \n  \/* Quitar margen al \u00faltimo elemento *\/\n  .clean-custom-list li:last-child {\n    margin-bottom: 0;\n  }\n<\/style><\/div><\/div><\/div><\/div><div class=\"x-section e96-e25 m2o-0 m2o-1 m2o-8 m2o-9\" id=\"pets\"><div class=\"x-row x-container max width e96-e26 m2o-a m2o-b m2o-c m2o-d m2o-h m2o-l\"><div class=\"x-row-inner\"><div class=\"x-col e96-e27 m2o-n\"><div class=\"x-text x-text-headline e96-e28 m2o-12 m2o-15 m2o-17 m2o-1a m2o-1b\"><div class=\"x-text-content\"><div class=\"x-text-content-text\"><h2 class=\"x-text-content-text-primary\"><p>Somos pet friendly<br \/>\n\ud83d\udc36\ud83d\ude3a\ud83e\udd94<\/p><\/h2>\n<\/div><\/div><\/div><div class=\"x-text x-text-headline e96-e29 m2o-12 m2o-15 m2o-19 m2o-1a m2o-1c\"><div class=\"x-text-content\"><div class=\"x-text-content-text\"><h3 class=\"x-text-content-text-primary\">Preguntas frecuentes:<\/h3>\n<\/div><\/div><\/div><hr class=\"x-line e96-e30 m2o-1f m2o-1h\"\/><div class=\"x-grid x-container max width e96-e31 m2o-1i\"><div class=\"x-cell e96-e32 m2o-1j\"><div class=\"x-text x-text-headline e96-e33 m2o-12 m2o-13 m2o-16 m2o-19 m2o-1d\"><div class=\"x-text-content\"><div class=\"x-text-content-text\"><h4 class=\"x-text-content-text-primary\">Mi mascota es grande pero no es raza peligrosa. \u00bfDebe usar bozal?<\/h4>\n<\/div><\/div><\/div><div class=\"x-text x-content e96-e34 m2o-q m2o-u m2o-w m2o-y m2o-z m2o-10\">El uso de bozal es \u00fanicamente para las razas catalogadas como razas peligrosas. Las razas que se encuentran en esta clasificaci\u00f3n son: Pitbull Terrier, Staffordshire Bull terrier, American Staffordshire terrier, Rottweiler, Dogo Argentino, Fila Brasileiro, Tosa Inu, Akita Inu, D\u00f3berman, Bullmastiff, Dogo de Burdeos, Mast\u00edn Napolitano, B\u00f3xer, Presa Canario (dogo canario), Bull Terrier, Dogo del Tibet.<\/div><\/div><div class=\"x-cell e96-e35 m2o-1j m2o-1k\"><div class=\"x-text x-text-headline e96-e36 m2o-12 m2o-13 m2o-16 m2o-19 m2o-1d\"><div class=\"x-text-content\"><div class=\"x-text-content-text\"><h4 class=\"x-text-content-text-primary\">\u00bfSolamente se permite una mascota por n\u00facleo familiar?<\/h4>\n<\/div><\/div><\/div><div class=\"x-text x-content e96-e37 m2o-q m2o-u m2o-w m2o-y m2o-z\">Se permite una mascota por persona, es decir, si ven\u00eds con 2 mascotas deben venir 2 personas, una responsable por cada mascota.<br data-start=\"743\" data-end=\"746\" \/>Si ven\u00eds con 3 mascotas deben venir 3 personas.<br data-start=\"793\" data-end=\"796\" \/>Y as\u00ed sucesivamente\u2026<\/div><\/div><div class=\"x-cell e96-e38 m2o-1j m2o-1k\"><div class=\"x-text x-text-headline e96-e39 m2o-12 m2o-13 m2o-16 m2o-19 m2o-1d\"><div class=\"x-text-content\"><div class=\"x-text-content-text\"><h4 class=\"x-text-content-text-primary\">\u00bfPuedo ingresar a todas las tiendas del Centro Comercial?<\/h4>\n<\/div><\/div><\/div><div class=\"x-text x-content e96-e40 m2o-q m2o-u m2o-w m2o-y m2o-z\">Cada local tiene una administraci\u00f3n independiente y cada una tiene su propia pol\u00edtica. Te recomendamos que consult\u00e9s en tu tienda preferida si es o no Pet Friendly.<\/div><\/div><\/div><hr class=\"x-line e96-e41 m2o-1f m2o-1h\"\/><div class=\"x-text x-content e96-e42 m2o-q m2o-s m2o-t m2o-w m2o-11\">Juntos es mejor: Reglas para disfrutar Paseo Metr\u00f3poli con tu mascota.<\/div><a class=\"x-anchor x-anchor-button has-graphic e96-e43 m2o-1l\" tabindex=\"0\" href=\"https:\/\/paseometropoli.com\/pdfs\/POLITICA_PET_FIRENDLY_PASEO_METROPOLI.pdf\" target=\"_blank\" rel=\"noopener noreferrer\"><div class=\"x-anchor-content\"><span class=\"x-graphic\" aria-hidden=\"true\"><i class=\"x-icon x-graphic-child x-graphic-icon x-graphic-primary\" aria-hidden=\"true\" data-x-icon-l=\"&#xe573;\"><\/i><i class=\"x-icon x-graphic-child x-graphic-icon x-graphic-secondary\" aria-hidden=\"true\" data-x-icon-l=\"&#xf019;\"><\/i><\/span><div class=\"x-anchor-text\"><span class=\"x-anchor-text-primary\">Descargar reglamento para mascotas<\/span><\/div><\/div><\/a><\/div><\/div><\/div><\/div><div class=\"x-section e96-e44 m2o-0 m2o-1 m2o-4 m2o-6\"><div class=\"x-row e96-e45 m2o-a m2o-b m2o-c m2o-d m2o-h m2o-m\"><div class=\"x-row-inner\"><div class=\"x-col e96-e46 m2o-n\"><div class=\"cs-content x-global-block x-global-block-1132 e96-e47\"><div class=\"x-section e1132-e2 mvg-0\"><div class=\"x-row e1132-e3 mvg-1 mvg-2\"><div class=\"x-row-inner\"><div class=\"x-col e1132-e4 mvg-3\"><link rel=\"stylesheet\" href=\"https:\/\/unpkg.com\/leaflet@1.9.4\/dist\/leaflet.css\" \/>\n<script src=\"https:\/\/unpkg.com\/leaflet@1.9.4\/dist\/leaflet.js\"><\/script>\n<link rel=\"stylesheet\" href=\"https:\/\/cdnjs.cloudflare.com\/ajax\/libs\/font-awesome\/6.4.0\/css\/all.min.css\" \/>\n\n<style>\n  .map-outer-wrapper {\n    position: relative;\n    width: 100%;\n    height: 500px;\n    z-index: 1;\n    border-radius: 12px;\n    overflow: hidden;\n  }\n\n  #map-element {\n    height: 100%;\n    width: 100%;\n  }\n\n  \/* Reposicionar los botones de +\/- para que no estorben *\/\n  .leaflet-top.leaflet-left {\n    top: 10px;\n    left: auto;\n    right: 10px; \/* Los movemos a la derecha *\/\n  }\n\n  .map-navigation-panel {\n    position: absolute;\n    bottom: 25px;\n    left: 50%;\n    transform: translateX(-50%);\n    z-index: 1000;\n    background: rgba(255, 255, 255, 0.9);\n    padding: 20px;\n    border-radius: 15px;\n    text-align: center;\n    width: 90%;\n    max-width: 500px;\n    box-shadow: 0 4px 15px rgba(0,0,0,0.1);\n  }\n\n  .btn-custom-blue {\n    background-color: rgb(10, 34, 64) !important;\n    color: #ffffff !important;\n    display: inline-flex;\n    align-items: center;\n    gap: 8px;\n    padding: 10px 20px;\n    text-decoration: none;\n    border-radius: 30px;\n    font-weight: bold;\n  }\n<\/style>\n\n<div class=\"map-outer-wrapper\">\n  <div id=\"map-element\"><\/div>\n\n  <div class=\"map-navigation-panel\">\n    <h2 style=\"margin-top:0; font-size:1.1rem;\">\u00a1Lleg\u00e1 hasta nosotros!<\/h2>\n    <div style=\"display:flex; gap:10px; justify-content:center; flex-wrap:wrap;\">\n      <a href=\"https:\/\/www.google.com\/maps\/place\/Paseo+Metr%C3%B3poli\/@9.8688966,-83.9409199,1219m\/data=!3m1!1e3!4m6!3m5!1s0x8fa0dfef61ec78db:0xbbd21482f26cf090!8m2!3d9.867107!4d-83.9426214!16s%2Fg%2F11c1w_4nkk?entry=ttu&g_ep=EgoyMDI2MDIxMS4wIKXMDSoASAFQAw%3D%3D\" target=\"_blank\" class=\"btn-custom-blue x-btn\">\n        <i class=\"fa-solid fa-location-dot\"><\/i> GOOGLE MAPS\n      <\/a>\n      <a href=\"https:\/\/paseometropoli.com\/links\/waze\" target=\"_blank\" class=\"btn-custom-blue x-btn\">\n        <i class=\"fa-brands fa-waze\"><\/i> WAZE\n      <\/a>\n    <\/div>\n  <\/div>\n<\/div>\n\n<script>\n  document.addEventListener('DOMContentLoaded', function() {\n    var lat = 9.8671123;\n    var lngAjustada = -83.9421963; \n\n    var map = L.map('map-element', {\n      center: [lat, lngAjustada],\n      zoom: 16,\n      zoomControl: true,         \/\/ \u00a1REACTIVADO! Ahora ver\u00e1s los botones +\/-\n      dragging: false,           \/\/ Bloqueado: No se mueve con dedos\/mouse\n      touchZoom: true,           \/\/ Permitimos zoom con pinza (opcional)\n      doubleClickZoom: true,     \/\/ Permitimos zoom con doble clic\n      scrollWheelZoom: false     \/\/ Seguimos bloqueando la rueda para facilitar el scroll de la web\n    });\n\n    L.tileLayer('https:\/\/{s}.basemaps.cartocdn.com\/light_all\/{z}\/{x}\/{y}{r}.png', {\n      attribution: '\u00a9 CARTO'\n    }).addTo(map);\n\n    var myIcon = L.icon({\n      iconUrl: 'https:\/\/paseometropoli.com\/webdev2025\/wp-content\/uploads\/2025\/03\/cropped-favicon1.png',\n      iconSize: [45, 45],\n      iconAnchor: [22, 45]\n    });\n\n    L.marker([lat, lngAjustada], {icon: myIcon}).addTo(map);\n    \n    setTimeout(function(){ map.invalidateSize(); }, 500);\n  });\n<\/script><\/div><\/div><\/div><\/div><\/div><\/div><\/div><\/div><\/div><\/div>\n","protected":false},"excerpt":{"rendered":"<p>Bienvenido(a) a Paseo Metr\u00f3poliHorarios: \ud83d\udd5bLunes a Jueves de 12:00 M.D. a 9:00 P.M. \ud83d\udd5bViernes y S\u00e1bados de 12:00 M.D. a 11:00 P.M. \ud83d\udd5bDomingos &#8211; Feriados de 11 A.M. a 8:00 P.M.Sobre Paseo Metr\u00f3poli En Paseo Metr\u00f3poli somos m\u00e1s que un centro comercial: somos un punto de encuentro para la comunidad de Cartago. Un lugar donde las compras, el entretenimiento y &#8230; <\/p>\n<div><a href=\"https:\/\/paseometropoli.com\/web\/informacion\/\" class=\"more-link\">Read More<\/a><\/div>\n","protected":false},"author":1,"featured_media":0,"parent":0,"menu_order":0,"comment_status":"closed","ping_status":"closed","template":"template-blank-4.php","meta":{"footnotes":""},"class_list":["post-96","page","type-page","status-publish","hentry","no-post-thumbnail"],"_links":{"self":[{"href":"https:\/\/paseometropoli.com\/web\/wp-json\/wp\/v2\/pages\/96","targetHints":{"allow":["GET"]}}],"collection":[{"href":"https:\/\/paseometropoli.com\/web\/wp-json\/wp\/v2\/pages"}],"about":[{"href":"https:\/\/paseometropoli.com\/web\/wp-json\/wp\/v2\/types\/page"}],"author":[{"embeddable":true,"href":"https:\/\/paseometropoli.com\/web\/wp-json\/wp\/v2\/users\/1"}],"replies":[{"embeddable":true,"href":"https:\/\/paseometropoli.com\/web\/wp-json\/wp\/v2\/comments?post=96"}],"version-history":[{"count":47,"href":"https:\/\/paseometropoli.com\/web\/wp-json\/wp\/v2\/pages\/96\/revisions"}],"predecessor-version":[{"id":1243,"href":"https:\/\/paseometropoli.com\/web\/wp-json\/wp\/v2\/pages\/96\/revisions\/1243"}],"wp:attachment":[{"href":"https:\/\/paseometropoli.com\/web\/wp-json\/wp\/v2\/media?parent=96"}],"curies":[{"name":"wp","href":"https:\/\/api.w.org\/{rel}","templated":true}]}}