{"id":74,"date":"2025-03-11T11:15:35","date_gmt":"2025-03-11T17:15:35","guid":{"rendered":"https:\/\/paseometropoli.com\/webdev2025\/?page_id=74"},"modified":"2026-03-20T12:40:52","modified_gmt":"2026-03-20T18:40:52","slug":"directorio","status":"publish","type":"page","link":"https:\/\/paseometropoli.com\/web\/directorio\/","title":{"rendered":"directorio"},"content":{"rendered":"<div id=\"cs-content\" class=\"cs-content\"><div class=\"x-section e74-e1 m22-0 m22-1\"><div class=\"x-bg\" aria-hidden=\"true\"><div class=\"x-bg-layer-lower-image\" data-x-element-bg-layer=\"{&quot;parallaxSize&quot;:&quot;150%&quot;,&quot;parallaxDir&quot;:&quot;v&quot;,&quot;parallaxRev&quot;:true}\"><\/div><\/div><div class=\"x-row x-container max width e74-e2 m22-3 m22-4 m22-5 m22-6 m22-a m22-b\"><div class=\"x-row-inner\"><div class=\"x-col e74-e3 m22-e\"><div class=\"x-text x-text-headline e74-e4 m22-f\"><div class=\"x-text-content\"><div class=\"x-text-content-text\"><h1 class=\"x-text-content-text-primary\">Directorio<\/h1>\n<\/div><\/div><\/div><div class=\"x-text x-content e74-e5 m22-g\"><span>Descubr\u00ed todas nuestras opciones especialmente pensadas para vos. En Paseo Metr\u00f3poli, sabemos que cada uno tiene gustos y preferencias \u00fanicas, \u00a1y estamos aqu\u00ed te las dejamos!<\/span><\/div><\/div><\/div><\/div><\/div><div class=\"x-section e74-e6 m22-0 m22-2\" style=\"min-height: 100vh\"><div class=\"x-row x-container max width e74-e7 m22-3 m22-4 m22-7 m22-8 m22-a m22-c\"><div class=\"x-row-inner\"><div class=\"x-col e74-e8 m22-e\"><div class=\"x-row e74-e9 m22-3 m22-6 m22-7 m22-9 m22-d\"><div class=\"x-row-inner\"><div class=\"x-col e74-e10 m22-e\"><hr class=\"x-line e74-e11 m22-h\"\/>    <div class=\"tc-search-filter\">\n        <input type=\"text\" id=\"tc-search\" placeholder=\"Buscar comercio...\">\n        <select id=\"tc-category\">\n            <option value=\"\">Todas las categor\u00edas<\/option>\n                            <option value=\"2\">Comercios<\/option>\n                            <option value=\"4\">Food Court<\/option>\n                            <option value=\"1\">Otros<\/option>\n                            <option value=\"8\">Restaurantes<\/option>\n                            <option value=\"5\">Servicios<\/option>\n                    <\/select>\n\n        <div id=\"tc-suggestions\" class=\"tc-suggestions\"><\/div>\n    <\/div>\n    <div id=\"tc-results\" class=\"tc-tarjetas-container\"><\/div>\n    <\/div><\/div><\/div><\/div><\/div><\/div><\/div><\/div>\n","protected":false},"excerpt":{"rendered":"<p>Directorio Descubr\u00ed todas nuestras opciones especialmente pensadas para vos. En Paseo Metr\u00f3poli, sabemos que cada uno tiene gustos y preferencias \u00fanicas, \u00a1y estamos aqu\u00ed te las dejamos! Todas las categor\u00edas Comercios Food Court Otros Restaurantes Servicios<\/p>\n","protected":false},"author":1,"featured_media":0,"parent":0,"menu_order":0,"comment_status":"closed","ping_status":"closed","template":"template-blank-4.php","meta":{"footnotes":""},"class_list":["post-74","page","type-page","status-publish","hentry","no-post-thumbnail"],"_links":{"self":[{"href":"https:\/\/paseometropoli.com\/web\/wp-json\/wp\/v2\/pages\/74","targetHints":{"allow":["GET"]}}],"collection":[{"href":"https:\/\/paseometropoli.com\/web\/wp-json\/wp\/v2\/pages"}],"about":[{"href":"https:\/\/paseometropoli.com\/web\/wp-json\/wp\/v2\/types\/page"}],"author":[{"embeddable":true,"href":"https:\/\/paseometropoli.com\/web\/wp-json\/wp\/v2\/users\/1"}],"replies":[{"embeddable":true,"href":"https:\/\/paseometropoli.com\/web\/wp-json\/wp\/v2\/comments?post=74"}],"version-history":[{"count":11,"href":"https:\/\/paseometropoli.com\/web\/wp-json\/wp\/v2\/pages\/74\/revisions"}],"predecessor-version":[{"id":623,"href":"https:\/\/paseometropoli.com\/web\/wp-json\/wp\/v2\/pages\/74\/revisions\/623"}],"wp:attachment":[{"href":"https:\/\/paseometropoli.com\/web\/wp-json\/wp\/v2\/media?parent=74"}],"curies":[{"name":"wp","href":"https:\/\/api.w.org\/{rel}","templated":true}]}}