{"id":107,"date":"2025-03-12T00:53:02","date_gmt":"2025-03-12T06:53:02","guid":{"rendered":"https:\/\/paseometropoli.com\/webdev2025\/?page_id=107"},"modified":"2026-03-31T23:25:36","modified_gmt":"2026-04-01T05:25:36","slug":"mercado-gastronomico","status":"publish","type":"page","link":"https:\/\/paseometropoli.com\/web\/mercado-gastronomico\/","title":{"rendered":"Mercado Gastron\u00f3mico"},"content":{"rendered":"<div id=\"cs-content\" class=\"cs-content\"><div class=\"x-section e107-e1 m2z-0 m2z-1 m2z-2\" style=\"min-height: calc(100vh - 100px); min-height: calc(100svh - 100px);\"><div class=\"x-bg\" aria-hidden=\"true\"><div class=\"x-bg-layer-lower-video\" data-x-element-bg-layer=\"{&quot;parallaxSize&quot;:&quot;110%&quot;,&quot;parallaxDir&quot;:&quot;v&quot;,&quot;parallaxRev&quot;:false}\"><div  class=\"x-video player bg transparent hide-controls autoplay muted playsinline\" data-x-element-mejs=\"{&quot;poster&quot;:&quot;&quot;}\"  data-x-video-options='{\"pause_out_of_view\":false}'><script type=\"text\/template\"><div class=\"x-video-inner   transparent\"><video class=\"x-mejs has-stack-styles\" preload=\"metadata\" autoplay muted playsinline><source src=\"https:\/\/paseometropoli.com\/web\/?relink-go=rl_3c9cbd66d363\" type=\"\"><\/video><\/div><\/script><\/div><\/div><\/div><div class=\"x-row x-hide-lg x-hide-md x-hide-sm x-hide-xl x-hide-xs e107-e2 m2z-a m2z-b m2z-c m2z-f m2z-g\"><div class=\"x-row-inner\"><div class=\"x-col e107-e3 m2z-k m2z-l\"><div class=\"x-grid x-container max width e107-e4 m2z-m m2z-n\"><div class=\"x-cell e107-e5 m2z-p m2z-q m2z-r\"><div class=\"x-text x-text-headline e107-e6 m2z-w m2z-x\"><div class=\"x-text-content\"><div class=\"x-text-content-text\"><h1 class=\"x-text-content-text-primary\"><p>Mercado<br \/>\nGastron\u00f3mico<br \/>\nArajo<\/p><\/h1>\n<\/div><\/div><\/div><div class=\"x-text x-content e107-e7 m2z-z m2z-10\"><div class=\"x-col e580-e3 mg4-24 mg4-25\">\n<div class=\"x-text x-content e580-e6 mg4-2u mg4-2v mg4-2w mg4-2y mg4-30 mg4-31 mg4-32\">\n<p><span>Viv\u00ed esta gran experiencia con sabores del mundo en Paseo Metr\u00f3poli.<\/span><\/p>\n\n<\/div>\n<\/div><\/div><\/div><\/div><\/div><\/div><\/div><\/div><div class=\"x-section e107-e8 m2z-0 m2z-1 m2z-3 m2z-4\"><div class=\"x-bg\" aria-hidden=\"true\"><div class=\"x-bg-layer-lower-image\" data-x-element-bg-layer=\"{&quot;parallaxSize&quot;:&quot;150%&quot;,&quot;parallaxDir&quot;:&quot;v&quot;,&quot;parallaxRev&quot;:false}\"><\/div><div class=\"x-bg-layer-upper-image\" data-x-element-bg-layer=\"{&quot;parallaxSize&quot;:&quot;150%&quot;,&quot;parallaxDir&quot;:&quot;v&quot;,&quot;parallaxRev&quot;:true}\"><\/div><\/div><div class=\"x-row e107-e9 m2z-a m2z-c m2z-d m2z-f m2z-h\"><div class=\"x-row-inner\"><div class=\"x-col e107-e10 m2z-k\"><div class=\"x-div e107-e11 m2z-12 m2z-13 m2z-14 m2z-8\"><div class=\"x-div e107-e12 m2z-12 m2z-13 m2z-14\"><div class=\"x-slide-container-viewport is-loading e107-e13 m2z-18\" data-x-slide-container=\"{&quot;keyboardNavigation&quot;:true,&quot;int&quot;:&quot;drag off&quot;,&quot;direction&quot;:&quot;forward&quot;,&quot;startingSlide&quot;:1}\"><div class=\"x-slide-container-content x-container max width\"><div class=\"x-slide-container is-inline is-paged\"><div class=\"x-slide e107-e14 m2z-19\" data-x-slide=\"\"><span class=\"x-image e107-e15 m2z-1a m2z-1b\"><img decoding=\"async\" src=\"https:\/\/paseometropoli.com\/web\/wp-content\/uploads\/2025\/05\/barras4.webp\" width=\"375\" height=\"250\" alt=\"Image\" loading=\"lazy\"><\/span><\/div><div class=\"x-slide e107-e16 m2z-19\" data-x-slide=\"\"><span class=\"x-image e107-e17 m2z-1a m2z-1b\"><img decoding=\"async\" src=\"https:\/\/paseometropoli.com\/web\/wp-content\/uploads\/2025\/06\/mga_sebas_guillen2-100.webp\" width=\"900\" height=\"600\" alt=\"Image\" loading=\"lazy\"><\/span><\/div><div class=\"x-slide e107-e18 m2z-19\" data-x-slide=\"\"><span class=\"x-image e107-e19 m2z-1a m2z-1b\"><img decoding=\"async\" src=\"https:\/\/paseometropoli.com\/web\/wp-content\/uploads\/2025\/05\/barras1.webp\" width=\"375\" height=\"250\" alt=\"Pelaes\" loading=\"lazy\"><\/span><\/div><div class=\"x-slide e107-e20 m2z-19\" data-x-slide=\"\"><span class=\"x-image e107-e21 m2z-1a m2z-1b\"><img decoding=\"async\" src=\"https:\/\/paseometropoli.com\/web\/wp-content\/uploads\/2025\/06\/mga_pelaes2-100.webp\" width=\"900\" height=\"600\" alt=\"Image\" loading=\"lazy\"><\/span><\/div><div class=\"x-slide e107-e22 m2z-19\" data-x-slide=\"\"><span class=\"x-image e107-e23 m2z-1a m2z-1b\"><img decoding=\"async\" src=\"https:\/\/paseometropoli.com\/web\/wp-content\/uploads\/2025\/05\/barras2.webp\" width=\"375\" height=\"250\" alt=\"Image\" loading=\"lazy\"><\/span><\/div><div class=\"x-slide e107-e24 m2z-19\" data-x-slide=\"\"><span class=\"x-image e107-e25 m2z-1a m2z-1b\"><img decoding=\"async\" src=\"https:\/\/paseometropoli.com\/web\/wp-content\/uploads\/2025\/06\/mga_capmany2-100.webp\" width=\"900\" height=\"600\" alt=\"Image\" loading=\"lazy\"><\/span><\/div><div class=\"x-slide e107-e26 m2z-19\" data-x-slide=\"\"><span class=\"x-image e107-e27 m2z-1a m2z-1b\"><img decoding=\"async\" src=\"https:\/\/paseometropoli.com\/web\/wp-content\/uploads\/2025\/05\/barra5.webp\" width=\"375\" height=\"250\" alt=\"Image\" loading=\"lazy\"><\/span><\/div><div class=\"x-slide e107-e28 m2z-19\" data-x-slide=\"\"><span class=\"x-image e107-e29 m2z-1a m2z-1b\"><img decoding=\"async\" src=\"https:\/\/paseometropoli.com\/web\/wp-content\/uploads\/2025\/06\/mga_sgaron_abarca2-100.webp\" width=\"900\" height=\"600\" alt=\"Image\" loading=\"lazy\"><\/span><\/div><div class=\"x-slide e107-e30 m2z-19\" data-x-slide=\"\"><span class=\"x-image e107-e31 m2z-1a m2z-1b\"><img decoding=\"async\" src=\"https:\/\/paseometropoli.com\/web\/wp-content\/uploads\/2025\/06\/mga_iriabell2-100.webp\" width=\"900\" height=\"600\" alt=\"Image\" loading=\"lazy\"><\/span><\/div><\/div><\/div><\/div><div class=\"x-div e107-e32 m2z-12 m2z-13 m2z-15 m2z-16 m2z-9\"><a class=\"x-div e107-e33 m2z-12 m2z-14 m2z-15 m2z-17\" href=\"#prev\" data-x-effect-provider=\"colors particles effects\" data-x-slide-prev=\"\"><i class=\"x-icon e107-e34 m2z-1d\" aria-hidden=\"true\" data-x-icon-o=\"&#xf060;\"><\/i><\/a><a class=\"x-div e107-e35 m2z-12 m2z-14 m2z-15 m2z-17\" href=\"#next\" data-x-effect-provider=\"colors particles effects\" data-x-slide-next=\"\"><i class=\"x-icon e107-e36 m2z-1d\" aria-hidden=\"true\" data-x-icon-o=\"&#xf061;\"><\/i><\/a><\/div><\/div><ul class=\"x-slide-pagination is-row e107-e37 m2z-1e\" data-x-slide-pagination=\"\"><\/ul><\/div><\/div><\/div><\/div><\/div><div class=\"x-section e107-e38 m2z-1 m2z-5 m2z-6\"><div class=\"x-row x-container max width e107-e39 m2z-a m2z-d m2z-e m2z-f m2z-i\"><div class=\"x-row-inner\"><div class=\"x-col e107-e40 m2z-k\"><a class=\"x-anchor x-anchor-button has-graphic e107-e41 m2z-1f m2z-1g\" tabindex=\"0\" id=\"share-plugin\" href=\"#\"><div class=\"x-anchor-content\"><span class=\"x-graphic\" aria-hidden=\"true\"><i class=\"x-icon x-graphic-child x-graphic-icon x-graphic-primary\" aria-hidden=\"true\" data-x-icon-l=\"&#xf1e0;\"><\/i><\/span><\/div><\/a><\/div><\/div><\/div><\/div><div class=\"x-section e107-e42 m2z-0 m2z-1 m2z-4 m2z-6 m2z-7\"><div class=\"x-bg\" aria-hidden=\"true\"><div class=\"x-bg-layer-lower-image\" data-x-element-bg-layer=\"{&quot;parallaxSize&quot;:&quot;120%&quot;,&quot;parallaxDir&quot;:&quot;v&quot;,&quot;parallaxRev&quot;:false}\"><\/div><div class=\"x-bg-layer-upper-image\" data-x-element-bg-layer=\"{&quot;parallaxSize&quot;:&quot;110%&quot;,&quot;parallaxDir&quot;:&quot;v&quot;,&quot;parallaxRev&quot;:true}\"><\/div><\/div><div class=\"x-row x-container max width e107-e43 m2z-a m2z-c m2z-d m2z-f m2z-j\"><div class=\"x-row-inner\"><div class=\"x-col e107-e44 m2z-k m2z-l\"><div class=\"x-grid x-container max width e107-e45 m2z-m m2z-o\"><div class=\"x-cell e107-e46 m2z-p m2z-q m2z-s\"><span class=\"x-image e107-e47 m2z-1a m2z-1c\"><img decoding=\"async\" src=\"https:\/\/paseometropoli.com\/web\/wp-content\/uploads\/2025\/04\/logo-mercado.png\" width=\"139\" height=\"228\" alt=\"Image\" loading=\"lazy\"><\/span><\/div><div class=\"x-cell e107-e48 m2z-p m2z-s m2z-t m2z-u\"><hr class=\"x-line e107-e49 m2z-1i\"\/><div class=\"x-text x-text-headline e107-e50 m2z-x m2z-y\"><div class=\"x-text-content\"><div class=\"x-text-content-text\"><h3 class=\"x-text-content-text-primary\">Horarios Mercado Gastron\u00f3mico<\/h3>\n<\/div><\/div><\/div><hr class=\"x-line e107-e51 m2z-1i\"\/><div class=\"x-text x-content e107-e52 m2z-z m2z-11\"><p><strong>\ud83d\udd5b Lunes a jueves<\/strong><span>\u00a0<\/span>de 12 MD a 9 PM<br \/>\n<strong>\ud83d\udd5b Viernes y s\u00e1bados<\/strong><span>\u00a0<\/span>de 12 MD a 11 PM<br \/>\n<strong>\ud83d\udd5b Domingos <\/strong>de 12 MD a 8 PM<\/p><\/div><\/div><div class=\"x-cell e107-e53 m2z-p m2z-s m2z-t m2z-v\"><a class=\"x-anchor x-anchor-button e107-e54 m2z-1g m2z-1h\" tabindex=\"0\" href=\"https:\/\/wa.me\/50689685331\" target=\"_blank\" rel=\"noopener noreferrer\"><div class=\"x-anchor-content\"><div class=\"x-anchor-text\"><span class=\"x-anchor-text-primary\">Reservaciones<\/span><span class=\"x-anchor-text-secondary\">V\u00eda Whatsapp<\/span><\/div><\/div><\/a><\/div><\/div><div class=\"tbs-container\" style=\"--tbs-columns:repeat(auto-fit, minmax(260px, 1fr))\"><div class=\"tbs-card\"><a href=\"https:\/\/paseometropoli.com\/web\/barras-gastronomicas\/la-croquetica\/\" title=\"Ver m\u00e1s sobre LA CROQUETICA\"><div class=\"tbs-card__media\"><img decoding=\"async\" width=\"1024\" height=\"538\" src=\"https:\/\/paseometropoli.com\/web\/wp-content\/uploads\/2025\/04\/LA-CROQUETICA-1024x538.webp\" class=\"tbs-card__img wp-post-image\" alt=\"LA CROQUETICA\" loading=\"lazy\" srcset=\"https:\/\/paseometropoli.com\/web\/wp-content\/uploads\/2025\/04\/LA-CROQUETICA-1024x538.webp 1024w, https:\/\/paseometropoli.com\/web\/wp-content\/uploads\/2025\/04\/LA-CROQUETICA-300x158.webp 300w, https:\/\/paseometropoli.com\/web\/wp-content\/uploads\/2025\/04\/LA-CROQUETICA-768x403.webp 768w, https:\/\/paseometropoli.com\/web\/wp-content\/uploads\/2025\/04\/LA-CROQUETICA-100x53.webp 100w, https:\/\/paseometropoli.com\/web\/wp-content\/uploads\/2025\/04\/LA-CROQUETICA.webp 1200w\" sizes=\"auto, (max-width: 1024px) 100vw, 1024px\" \/><div class=\"tbs-card__overlay\"><h3 class=\"tbs-card__title\">LA CROQUETICA<\/h3><\/div><\/div><\/a><\/div><div class=\"tbs-card\"><a href=\"https:\/\/paseometropoli.com\/web\/barras-gastronomicas\/kimchis\/\" title=\"Ver m\u00e1s sobre KIMCHIS\"><div class=\"tbs-card__media\"><img decoding=\"async\" width=\"1024\" height=\"538\" src=\"https:\/\/paseometropoli.com\/web\/wp-content\/uploads\/2025\/04\/KIMCHIS-1024x538.webp\" class=\"tbs-card__img wp-post-image\" alt=\"KIMCHIS\" loading=\"lazy\" srcset=\"https:\/\/paseometropoli.com\/web\/wp-content\/uploads\/2025\/04\/KIMCHIS-1024x538.webp 1024w, https:\/\/paseometropoli.com\/web\/wp-content\/uploads\/2025\/04\/KIMCHIS-300x158.webp 300w, https:\/\/paseometropoli.com\/web\/wp-content\/uploads\/2025\/04\/KIMCHIS-768x403.webp 768w, https:\/\/paseometropoli.com\/web\/wp-content\/uploads\/2025\/04\/KIMCHIS-100x53.webp 100w, https:\/\/paseometropoli.com\/web\/wp-content\/uploads\/2025\/04\/KIMCHIS.webp 1200w\" sizes=\"auto, (max-width: 1024px) 100vw, 1024px\" \/><div class=\"tbs-card__overlay\"><h3 class=\"tbs-card__title\">KIMCHIS<\/h3><\/div><\/div><\/a><\/div><div class=\"tbs-card\"><a href=\"https:\/\/paseometropoli.com\/web\/barras-gastronomicas\/cosechas\/\" title=\"Ver m\u00e1s sobre COSECHAS\"><div class=\"tbs-card__media\"><img decoding=\"async\" width=\"1024\" height=\"538\" src=\"https:\/\/paseometropoli.com\/web\/wp-content\/uploads\/2025\/04\/COSECHAS-1024x538.webp\" class=\"tbs-card__img wp-post-image\" alt=\"COSECHAS\" loading=\"lazy\" srcset=\"https:\/\/paseometropoli.com\/web\/wp-content\/uploads\/2025\/04\/COSECHAS-1024x538.webp 1024w, https:\/\/paseometropoli.com\/web\/wp-content\/uploads\/2025\/04\/COSECHAS-300x158.webp 300w, https:\/\/paseometropoli.com\/web\/wp-content\/uploads\/2025\/04\/COSECHAS-768x403.webp 768w, https:\/\/paseometropoli.com\/web\/wp-content\/uploads\/2025\/04\/COSECHAS-100x53.webp 100w, https:\/\/paseometropoli.com\/web\/wp-content\/uploads\/2025\/04\/COSECHAS.webp 1200w\" sizes=\"auto, (max-width: 1024px) 100vw, 1024px\" \/><div class=\"tbs-card__overlay\"><h3 class=\"tbs-card__title\">COSECHAS<\/h3><\/div><\/div><\/a><\/div><div class=\"tbs-card\"><a href=\"https:\/\/paseometropoli.com\/web\/barras-gastronomicas\/la-pataconeria\/\" title=\"Ver m\u00e1s sobre LA PATACONER\u00cdA\"><div class=\"tbs-card__media\"><img decoding=\"async\" width=\"1024\" height=\"538\" src=\"https:\/\/paseometropoli.com\/web\/wp-content\/uploads\/2026\/02\/la-pataconeria-1024x538.webp\" class=\"tbs-card__img wp-post-image\" alt=\"LA PATACONER\u00cdA\" loading=\"lazy\" srcset=\"https:\/\/paseometropoli.com\/web\/wp-content\/uploads\/2026\/02\/la-pataconeria-1024x538.webp 1024w, https:\/\/paseometropoli.com\/web\/wp-content\/uploads\/2026\/02\/la-pataconeria-300x158.webp 300w, https:\/\/paseometropoli.com\/web\/wp-content\/uploads\/2026\/02\/la-pataconeria-768x403.webp 768w, https:\/\/paseometropoli.com\/web\/wp-content\/uploads\/2026\/02\/la-pataconeria-100x53.webp 100w, https:\/\/paseometropoli.com\/web\/wp-content\/uploads\/2026\/02\/la-pataconeria.webp 1200w\" sizes=\"auto, (max-width: 1024px) 100vw, 1024px\" \/><div class=\"tbs-card__overlay\"><h3 class=\"tbs-card__title\">LA PATACONER\u00cdA<\/h3><\/div><\/div><\/a><\/div><div class=\"tbs-card\"><a href=\"https:\/\/paseometropoli.com\/web\/barras-gastronomicas\/mia-italia\/\" title=\"Ver m\u00e1s sobre M\u00cdA ITALIA\"><div class=\"tbs-card__media\"><img decoding=\"async\" width=\"1024\" height=\"538\" src=\"https:\/\/paseometropoli.com\/web\/wp-content\/uploads\/2025\/04\/MIA-ITALIA-1024x538.webp\" class=\"tbs-card__img wp-post-image\" alt=\"M\u00cdA ITALIA\" loading=\"lazy\" srcset=\"https:\/\/paseometropoli.com\/web\/wp-content\/uploads\/2025\/04\/MIA-ITALIA-1024x538.webp 1024w, https:\/\/paseometropoli.com\/web\/wp-content\/uploads\/2025\/04\/MIA-ITALIA-300x158.webp 300w, https:\/\/paseometropoli.com\/web\/wp-content\/uploads\/2025\/04\/MIA-ITALIA-768x403.webp 768w, https:\/\/paseometropoli.com\/web\/wp-content\/uploads\/2025\/04\/MIA-ITALIA-100x53.webp 100w, https:\/\/paseometropoli.com\/web\/wp-content\/uploads\/2025\/04\/MIA-ITALIA.webp 1200w\" sizes=\"auto, (max-width: 1024px) 100vw, 1024px\" \/><div class=\"tbs-card__overlay\"><h3 class=\"tbs-card__title\">M\u00cdA ITALIA<\/h3><\/div><\/div><\/a><\/div><div class=\"tbs-card\"><a href=\"https:\/\/paseometropoli.com\/web\/barras-gastronomicas\/la-barra\/\" title=\"Ver m\u00e1s sobre LA BARRA\"><div class=\"tbs-card__media\"><img decoding=\"async\" width=\"1024\" height=\"538\" src=\"https:\/\/paseometropoli.com\/web\/wp-content\/uploads\/2025\/10\/LA-BARRA-1024x538.webp\" class=\"tbs-card__img wp-post-image\" alt=\"LA BARRA\" loading=\"lazy\" srcset=\"https:\/\/paseometropoli.com\/web\/wp-content\/uploads\/2025\/10\/LA-BARRA-1024x538.webp 1024w, https:\/\/paseometropoli.com\/web\/wp-content\/uploads\/2025\/10\/LA-BARRA-300x158.webp 300w, https:\/\/paseometropoli.com\/web\/wp-content\/uploads\/2025\/10\/LA-BARRA-768x403.webp 768w, https:\/\/paseometropoli.com\/web\/wp-content\/uploads\/2025\/10\/LA-BARRA-100x53.webp 100w, https:\/\/paseometropoli.com\/web\/wp-content\/uploads\/2025\/10\/LA-BARRA.webp 1200w\" sizes=\"auto, (max-width: 1024px) 100vw, 1024px\" \/><div class=\"tbs-card__overlay\"><h3 class=\"tbs-card__title\">LA BARRA<\/h3><\/div><\/div><\/a><\/div><div class=\"tbs-card\"><a href=\"https:\/\/paseometropoli.com\/web\/barras-gastronomicas\/biergarten\/\" title=\"Ver m\u00e1s sobre BIERGARTEN\"><div class=\"tbs-card__media\"><img decoding=\"async\" width=\"1024\" height=\"538\" src=\"https:\/\/paseometropoli.com\/web\/wp-content\/uploads\/2025\/04\/illbierfarten-100-1024x538.webp\" class=\"tbs-card__img wp-post-image\" alt=\"BIERGARTEN\" loading=\"lazy\" srcset=\"https:\/\/paseometropoli.com\/web\/wp-content\/uploads\/2025\/04\/illbierfarten-100-1024x538.webp 1024w, https:\/\/paseometropoli.com\/web\/wp-content\/uploads\/2025\/04\/illbierfarten-100-300x158.webp 300w, https:\/\/paseometropoli.com\/web\/wp-content\/uploads\/2025\/04\/illbierfarten-100-768x403.webp 768w, https:\/\/paseometropoli.com\/web\/wp-content\/uploads\/2025\/04\/illbierfarten-100-100x53.webp 100w, https:\/\/paseometropoli.com\/web\/wp-content\/uploads\/2025\/04\/illbierfarten-100.webp 1200w\" sizes=\"auto, (max-width: 1024px) 100vw, 1024px\" \/><div class=\"tbs-card__overlay\"><h3 class=\"tbs-card__title\">BIERGARTEN<\/h3><\/div><\/div><\/a><\/div><div class=\"tbs-card\"><a href=\"https:\/\/paseometropoli.com\/web\/barras-gastronomicas\/tres-carnales\/\" title=\"Ver m\u00e1s sobre TRES CARNALES\"><div class=\"tbs-card__media\"><img decoding=\"async\" width=\"1024\" height=\"538\" src=\"https:\/\/paseometropoli.com\/web\/wp-content\/uploads\/2025\/09\/TRES-CARNALES-1024x538.webp\" class=\"tbs-card__img wp-post-image\" alt=\"TRES CARNALES\" loading=\"lazy\" srcset=\"https:\/\/paseometropoli.com\/web\/wp-content\/uploads\/2025\/09\/TRES-CARNALES-1024x538.webp 1024w, https:\/\/paseometropoli.com\/web\/wp-content\/uploads\/2025\/09\/TRES-CARNALES-300x158.webp 300w, https:\/\/paseometropoli.com\/web\/wp-content\/uploads\/2025\/09\/TRES-CARNALES-768x403.webp 768w, https:\/\/paseometropoli.com\/web\/wp-content\/uploads\/2025\/09\/TRES-CARNALES-100x53.webp 100w, https:\/\/paseometropoli.com\/web\/wp-content\/uploads\/2025\/09\/TRES-CARNALES.webp 1200w\" sizes=\"auto, (max-width: 1024px) 100vw, 1024px\" \/><div class=\"tbs-card__overlay\"><h3 class=\"tbs-card__title\">TRES CARNALES<\/h3><\/div><\/div><\/a><\/div><div class=\"tbs-card\"><a href=\"https:\/\/paseometropoli.com\/web\/barras-gastronomicas\/adicora\/\" title=\"Ver m\u00e1s sobre AD\u00cdCORA\"><div class=\"tbs-card__media\"><img decoding=\"async\" width=\"1024\" height=\"576\" src=\"https:\/\/paseometropoli.com\/web\/wp-content\/uploads\/2026\/03\/fachada-adicora-mgarajo-1024x576.webp\" class=\"tbs-card__img wp-post-image\" alt=\"AD\u00cdCORA\" loading=\"lazy\" srcset=\"https:\/\/paseometropoli.com\/web\/wp-content\/uploads\/2026\/03\/fachada-adicora-mgarajo-1024x576.webp 1024w, https:\/\/paseometropoli.com\/web\/wp-content\/uploads\/2026\/03\/fachada-adicora-mgarajo-300x169.webp 300w, https:\/\/paseometropoli.com\/web\/wp-content\/uploads\/2026\/03\/fachada-adicora-mgarajo-768x432.webp 768w, https:\/\/paseometropoli.com\/web\/wp-content\/uploads\/2026\/03\/fachada-adicora-mgarajo-1536x864.webp 1536w, https:\/\/paseometropoli.com\/web\/wp-content\/uploads\/2026\/03\/fachada-adicora-mgarajo-100x56.webp 100w, https:\/\/paseometropoli.com\/web\/wp-content\/uploads\/2026\/03\/fachada-adicora-mgarajo.webp 1920w\" sizes=\"auto, (max-width: 1024px) 100vw, 1024px\" \/><div class=\"tbs-card__overlay\"><h3 class=\"tbs-card__title\">AD\u00cdCORA<\/h3><\/div><\/div><\/a><\/div><div class=\"tbs-card\"><a href=\"https:\/\/paseometropoli.com\/web\/barras-gastronomicas\/cosi\/\" title=\"Ver m\u00e1s sobre COSI\"><div class=\"tbs-card__media\"><img decoding=\"async\" width=\"1024\" height=\"538\" src=\"https:\/\/paseometropoli.com\/web\/wp-content\/uploads\/2025\/10\/cosi-1024x538.webp\" class=\"tbs-card__img wp-post-image\" alt=\"COSI\" loading=\"lazy\" srcset=\"https:\/\/paseometropoli.com\/web\/wp-content\/uploads\/2025\/10\/cosi-1024x538.webp 1024w, https:\/\/paseometropoli.com\/web\/wp-content\/uploads\/2025\/10\/cosi-300x158.webp 300w, https:\/\/paseometropoli.com\/web\/wp-content\/uploads\/2025\/10\/cosi-768x403.webp 768w, https:\/\/paseometropoli.com\/web\/wp-content\/uploads\/2025\/10\/cosi-100x53.webp 100w, https:\/\/paseometropoli.com\/web\/wp-content\/uploads\/2025\/10\/cosi.webp 1200w\" sizes=\"auto, (max-width: 1024px) 100vw, 1024px\" \/><div class=\"tbs-card__overlay\"><h3 class=\"tbs-card__title\">COSI<\/h3><\/div><\/div><\/a><\/div><div class=\"tbs-card\"><a href=\"https:\/\/paseometropoli.com\/web\/barras-gastronomicas\/the-yard\/\" title=\"Ver m\u00e1s sobre THE YARD\"><div class=\"tbs-card__media\"><img decoding=\"async\" width=\"1024\" height=\"538\" src=\"https:\/\/paseometropoli.com\/web\/wp-content\/uploads\/2025\/04\/THE-YARD-1024x538.webp\" class=\"tbs-card__img wp-post-image\" alt=\"THE YARD\" loading=\"lazy\" srcset=\"https:\/\/paseometropoli.com\/web\/wp-content\/uploads\/2025\/04\/THE-YARD-1024x538.webp 1024w, https:\/\/paseometropoli.com\/web\/wp-content\/uploads\/2025\/04\/THE-YARD-300x158.webp 300w, https:\/\/paseometropoli.com\/web\/wp-content\/uploads\/2025\/04\/THE-YARD-768x403.webp 768w, https:\/\/paseometropoli.com\/web\/wp-content\/uploads\/2025\/04\/THE-YARD-100x53.webp 100w, https:\/\/paseometropoli.com\/web\/wp-content\/uploads\/2025\/04\/THE-YARD.webp 1200w\" sizes=\"auto, (max-width: 1024px) 100vw, 1024px\" \/><div class=\"tbs-card__overlay\"><h3 class=\"tbs-card__title\">THE YARD<\/h3><\/div><\/div><\/a><\/div><\/div><\/div><\/div><\/div><\/div><\/div>\n","protected":false},"excerpt":{"rendered":"<p>Mercado Gastron\u00f3mico Arajo Viv\u00ed esta gran experiencia con sabores del mundo en Paseo Metr\u00f3poli. Horarios Mercado Gastron\u00f3mico \ud83d\udd5b Lunes a jueves\u00a0de 12 MD a 9 PM \ud83d\udd5b Viernes y s\u00e1bados\u00a0de 12 MD a 11 PM \ud83d\udd5b Domingos de 12 MD a 8 PMReservacionesV\u00eda WhatsappLA CROQUETICAKIMCHISCOSECHASLA PATACONER\u00cdAM\u00cdA ITALIALA BARRABIERGARTENTRES CARNALESAD\u00cdCORACOSITHE YARD<\/p>\n","protected":false},"author":1,"featured_media":0,"parent":0,"menu_order":0,"comment_status":"closed","ping_status":"closed","template":"template-blank-4.php","meta":{"footnotes":""},"class_list":["post-107","page","type-page","status-publish","hentry","no-post-thumbnail"],"_links":{"self":[{"href":"https:\/\/paseometropoli.com\/web\/wp-json\/wp\/v2\/pages\/107","targetHints":{"allow":["GET"]}}],"collection":[{"href":"https:\/\/paseometropoli.com\/web\/wp-json\/wp\/v2\/pages"}],"about":[{"href":"https:\/\/paseometropoli.com\/web\/wp-json\/wp\/v2\/types\/page"}],"author":[{"embeddable":true,"href":"https:\/\/paseometropoli.com\/web\/wp-json\/wp\/v2\/users\/1"}],"replies":[{"embeddable":true,"href":"https:\/\/paseometropoli.com\/web\/wp-json\/wp\/v2\/comments?post=107"}],"version-history":[{"count":30,"href":"https:\/\/paseometropoli.com\/web\/wp-json\/wp\/v2\/pages\/107\/revisions"}],"predecessor-version":[{"id":699,"href":"https:\/\/paseometropoli.com\/web\/wp-json\/wp\/v2\/pages\/107\/revisions\/699"}],"wp:attachment":[{"href":"https:\/\/paseometropoli.com\/web\/wp-json\/wp\/v2\/media?parent=107"}],"curies":[{"name":"wp","href":"https:\/\/api.w.org\/{rel}","templated":true}]}}